{"id":7,"date":"2025-01-14T19:48:02","date_gmt":"2025-01-14T19:48:02","guid":{"rendered":"https:\/\/katteplekk.ee\/?page_id=7"},"modified":"2025-11-18T20:41:35","modified_gmt":"2025-11-18T20:41:35","slug":"home","status":"publish","type":"page","link":"https:\/\/Katteplekk.ee\/","title":{"rendered":"Home"},"content":{"rendered":"<!-- wp:themify-builder\/canvas \/-->","protected":false},"excerpt":{"rendered":"","protected":false},"author":1,"featured_media":0,"parent":0,"menu_order":0,"comment_status":"closed","ping_status":"closed","template":"","meta":{"footnotes":""},"class_list":["post-7","page","type-page","status-publish","hentry","has-post-title","has-post-date","has-post-category","has-post-tag","has-post-comment","has-post-author",""],"yoast_head":"<!-- This site is optimized with the Yoast SEO plugin v27.3 - https:\/\/yoast.com\/product\/yoast-seo-wordpress\/ -->\n<title>Katteplekk O\u00dc - Vettpidavad lahendused katusel<\/title>\n<meta name=\"description\" content=\"Katuse- ja Ehitusplekksepa, T\u00f6\u00f6d, Valtskatused, Paigaldame ja Parandame!\" \/>\n<meta name=\"robots\" content=\"index, follow, max-snippet:-1, max-image-preview:large, max-video-preview:-1\" \/>\n<link rel=\"canonical\" href=\"https:\/\/Katteplekk.ee\/\" \/>\n<meta property=\"og:locale\" content=\"en_US\" \/>\n<meta property=\"og:type\" content=\"article\" \/>\n<meta property=\"og:title\" content=\"Katteplekk O\u00dc - Vettpidavad lahendused katusel\" \/>\n<meta property=\"og:description\" content=\"Katuse- ja Ehitusplekksepa, T\u00f6\u00f6d, Valtskatused, Paigaldame ja Parandame!\" \/>\n<meta property=\"og:url\" content=\"https:\/\/Katteplekk.ee\/\" \/>\n<meta property=\"og:site_name\" content=\"KATTEPLEKK\" \/>\n<meta property=\"article:publisher\" content=\"https:\/\/www.facebook.com\/Katteplekk\" \/>\n<meta property=\"article:modified_time\" content=\"2025-11-18T20:41:35+00:00\" \/>\n<meta property=\"og:image\" content=\"https:\/\/Katteplekk.ee\/wp-content\/uploads\/2025\/01\/DJI_0061-150x150.jpg\" \/>\n<meta name=\"twitter:card\" content=\"summary_large_image\" \/>\n<meta name=\"twitter:label1\" content=\"Est. reading time\" \/>\n\t<meta name=\"twitter:data1\" content=\"1 minute\" \/>\n<script type=\"application\/ld+json\" class=\"yoast-schema-graph\">{\"@context\":\"https:\\\/\\\/schema.org\",\"@graph\":[{\"@type\":\"WebPage\",\"@id\":\"https:\\\/\\\/Katteplekk.ee\\\/\",\"url\":\"https:\\\/\\\/Katteplekk.ee\\\/\",\"name\":\"Katteplekk O\u00dc - Vettpidavad lahendused katusel\",\"isPartOf\":{\"@id\":\"https:\\\/\\\/Katteplekk.ee\\\/#website\"},\"datePublished\":\"2025-01-14T19:48:02+00:00\",\"dateModified\":\"2025-11-18T20:41:35+00:00\",\"description\":\"Katuse- ja Ehitusplekksepa, T\u00f6\u00f6d, Valtskatused, Paigaldame ja Parandame!\",\"breadcrumb\":{\"@id\":\"https:\\\/\\\/Katteplekk.ee\\\/#breadcrumb\"},\"inLanguage\":\"en\",\"potentialAction\":[{\"@type\":\"ReadAction\",\"target\":[\"https:\\\/\\\/Katteplekk.ee\\\/\"]}]},{\"@type\":\"BreadcrumbList\",\"@id\":\"https:\\\/\\\/Katteplekk.ee\\\/#breadcrumb\",\"itemListElement\":[{\"@type\":\"ListItem\",\"position\":1,\"name\":\"Home\",\"item\":\"https:\\\/\\\/Katteplekk.ee\\\/\"},{\"@type\":\"ListItem\",\"position\":2,\"name\":\"Home\"}]},{\"@type\":\"WebSite\",\"@id\":\"https:\\\/\\\/Katteplekk.ee\\\/#website\",\"url\":\"https:\\\/\\\/Katteplekk.ee\\\/\",\"name\":\"Katteplekk.ee\",\"description\":\"Parimate metallkatuste kodu\",\"publisher\":{\"@id\":\"https:\\\/\\\/Katteplekk.ee\\\/#organization\"},\"potentialAction\":[{\"@type\":\"SearchAction\",\"target\":{\"@type\":\"EntryPoint\",\"urlTemplate\":\"https:\\\/\\\/Katteplekk.ee\\\/?s={search_term_string}\"},\"query-input\":{\"@type\":\"PropertyValueSpecification\",\"valueRequired\":true,\"valueName\":\"search_term_string\"}}],\"inLanguage\":\"en\"},{\"@type\":\"Organization\",\"@id\":\"https:\\\/\\\/Katteplekk.ee\\\/#organization\",\"name\":\"Katteplekk O\u00dc\",\"url\":\"https:\\\/\\\/Katteplekk.ee\\\/\",\"logo\":{\"@type\":\"ImageObject\",\"inLanguage\":\"en\",\"@id\":\"https:\\\/\\\/Katteplekk.ee\\\/#\\\/schema\\\/logo\\\/image\\\/\",\"url\":\"https:\\\/\\\/Katteplekk.ee\\\/wp-content\\\/uploads\\\/2025\\\/01\\\/katteplekk-logo.jpg\",\"contentUrl\":\"https:\\\/\\\/Katteplekk.ee\\\/wp-content\\\/uploads\\\/2025\\\/01\\\/katteplekk-logo.jpg\",\"width\":770,\"height\":414,\"caption\":\"Katteplekk O\u00dc\"},\"image\":{\"@id\":\"https:\\\/\\\/Katteplekk.ee\\\/#\\\/schema\\\/logo\\\/image\\\/\"},\"sameAs\":[\"https:\\\/\\\/www.facebook.com\\\/Katteplekk\",\"https:\\\/\\\/www.youtube.com\\\/watch?v=UnVh1dKDMis\"]}]}<\/script>\n<!-- \/ Yoast SEO plugin. -->","yoast_head_json":{"title":"Katteplekk O\u00dc - Vettpidavad lahendused katusel","description":"Katuse- ja Ehitusplekksepa, T\u00f6\u00f6d, Valtskatused, Paigaldame ja Parandame!","robots":{"index":"index","follow":"follow","max-snippet":"max-snippet:-1","max-image-preview":"max-image-preview:large","max-video-preview":"max-video-preview:-1"},"canonical":"https:\/\/Katteplekk.ee\/","og_locale":"en_US","og_type":"article","og_title":"Katteplekk O\u00dc - Vettpidavad lahendused katusel","og_description":"Katuse- ja Ehitusplekksepa, T\u00f6\u00f6d, Valtskatused, Paigaldame ja Parandame!","og_url":"https:\/\/Katteplekk.ee\/","og_site_name":"KATTEPLEKK","article_publisher":"https:\/\/www.facebook.com\/Katteplekk","article_modified_time":"2025-11-18T20:41:35+00:00","og_image":[{"url":"https:\/\/Katteplekk.ee\/wp-content\/uploads\/2025\/01\/DJI_0061-150x150.jpg","type":"","width":"","height":""}],"twitter_card":"summary_large_image","twitter_misc":{"Est. reading time":"1 minute"},"schema":{"@context":"https:\/\/schema.org","@graph":[{"@type":"WebPage","@id":"https:\/\/Katteplekk.ee\/","url":"https:\/\/Katteplekk.ee\/","name":"Katteplekk O\u00dc - Vettpidavad lahendused katusel","isPartOf":{"@id":"https:\/\/Katteplekk.ee\/#website"},"datePublished":"2025-01-14T19:48:02+00:00","dateModified":"2025-11-18T20:41:35+00:00","description":"Katuse- ja Ehitusplekksepa, T\u00f6\u00f6d, Valtskatused, Paigaldame ja Parandame!","breadcrumb":{"@id":"https:\/\/Katteplekk.ee\/#breadcrumb"},"inLanguage":"en","potentialAction":[{"@type":"ReadAction","target":["https:\/\/Katteplekk.ee\/"]}]},{"@type":"BreadcrumbList","@id":"https:\/\/Katteplekk.ee\/#breadcrumb","itemListElement":[{"@type":"ListItem","position":1,"name":"Home","item":"https:\/\/Katteplekk.ee\/"},{"@type":"ListItem","position":2,"name":"Home"}]},{"@type":"WebSite","@id":"https:\/\/Katteplekk.ee\/#website","url":"https:\/\/Katteplekk.ee\/","name":"Katteplekk.ee","description":"Parimate metallkatuste kodu","publisher":{"@id":"https:\/\/Katteplekk.ee\/#organization"},"potentialAction":[{"@type":"SearchAction","target":{"@type":"EntryPoint","urlTemplate":"https:\/\/Katteplekk.ee\/?s={search_term_string}"},"query-input":{"@type":"PropertyValueSpecification","valueRequired":true,"valueName":"search_term_string"}}],"inLanguage":"en"},{"@type":"Organization","@id":"https:\/\/Katteplekk.ee\/#organization","name":"Katteplekk O\u00dc","url":"https:\/\/Katteplekk.ee\/","logo":{"@type":"ImageObject","inLanguage":"en","@id":"https:\/\/Katteplekk.ee\/#\/schema\/logo\/image\/","url":"https:\/\/Katteplekk.ee\/wp-content\/uploads\/2025\/01\/katteplekk-logo.jpg","contentUrl":"https:\/\/Katteplekk.ee\/wp-content\/uploads\/2025\/01\/katteplekk-logo.jpg","width":770,"height":414,"caption":"Katteplekk O\u00dc"},"image":{"@id":"https:\/\/Katteplekk.ee\/#\/schema\/logo\/image\/"},"sameAs":["https:\/\/www.facebook.com\/Katteplekk","https:\/\/www.youtube.com\/watch?v=UnVh1dKDMis"]}]}},"builder_content":"<h2>KATTEPLEKK O\u00dc<\/h2>\n<p>PLEKIT\u00d6\u00d6D<\/p>\n<a href=\"https:\/\/katteplekk.ee\/#Contact\" > info <\/a>\n\n<h2 style=\"text-align: center;\"><\/h2> <h4 style=\"text-align: center;\">Metallkatused<\/h4> <h4 style=\"text-align: center;\">\u00a0Hoonete vihmavees\u00fcsteemid<\/h4> <h4 style=\"text-align: center;\">Katuse\u00a0 ohutus<\/h4> <h4 style=\"text-align: center;\">Katuse- ja ehitusplekksepa t\u00f6\u00f6d<\/h4> <h4 style=\"text-align: center;\">Lehtmetall detailide valmistamine<\/h4> <h4 style=\"text-align: center;\">Korstnaplekid<\/h4> <h4 style=\"text-align: center;\">\u00a0Aknaplekid<\/h4> <h4 style=\"text-align: center;\">Parapetid<\/h4> <h2 style=\"text-align: center;\"><\/h2>\n<em><svg aria-hidden=\"true\"><use href=\"#tf-fas-people-roof\"><\/use><\/svg><\/em> \n <h3> Planeering <\/h3>\n<em><svg aria-hidden=\"true\"><use href=\"#tf-fas-home\"><\/use><\/svg><\/em> \n <h3> Hinnapakkumine <\/h3>\n<em><svg aria-hidden=\"true\"><use href=\"#tf-fas-house-user\"><\/use><\/svg><\/em> \n <h3> Paigaldus <\/h3>\n[gallery ids=\"983,748,532,417,375,325\"]\n<h2 style=\"text-align: center;\">\u00a0<\/h2> \u00a0\n[embed]https:\/\/youtu.be\/XaQ1SyS-Dfg[\/embed]\n[embed]https:\/\/youtu.be\/6CUgDSNAdrk[\/embed]\n[embed]https:\/\/youtu.be\/tKaKfS0V6HA[\/embed]\n<p style=\"text-align: center;\">Katteplekk O\u00dc<\/p> <p style=\"text-align: center;\">Info@Katteplekk.ee<\/p> <p style=\"text-align: center;\">R. Beketov<\/p> <p style=\"text-align: center;\">+372 56 858 229<\/p>","_links":{"self":[{"href":"https:\/\/Katteplekk.ee\/index.php?rest_route=\/wp\/v2\/pages\/7","targetHints":{"allow":["GET"]}}],"collection":[{"href":"https:\/\/Katteplekk.ee\/index.php?rest_route=\/wp\/v2\/pages"}],"about":[{"href":"https:\/\/Katteplekk.ee\/index.php?rest_route=\/wp\/v2\/types\/page"}],"author":[{"embeddable":true,"href":"https:\/\/Katteplekk.ee\/index.php?rest_route=\/wp\/v2\/users\/1"}],"replies":[{"embeddable":true,"href":"https:\/\/Katteplekk.ee\/index.php?rest_route=%2Fwp%2Fv2%2Fcomments&post=7"}],"version-history":[{"count":239,"href":"https:\/\/Katteplekk.ee\/index.php?rest_route=\/wp\/v2\/pages\/7\/revisions"}],"predecessor-version":[{"id":1259,"href":"https:\/\/Katteplekk.ee\/index.php?rest_route=\/wp\/v2\/pages\/7\/revisions\/1259"}],"wp:attachment":[{"href":"https:\/\/Katteplekk.ee\/index.php?rest_route=%2Fwp%2Fv2%2Fmedia&parent=7"}],"curies":[{"name":"wp","href":"https:\/\/api.w.org\/{rel}","templated":true}]}}